
{"id":3,"date":"2023-01-06T14:17:07","date_gmt":"2023-01-06T13:17:07","guid":{"rendered":"http:\/\/dumstrey.com\/shanti\/?page_id=3"},"modified":"2024-02-02T00:00:19","modified_gmt":"2024-02-01T23:00:19","slug":"datenschutzerklaerung","status":"publish","type":"page","link":"https:\/\/shanti.dumstrey.com\/?page_id=3","title":{"rendered":"Datenschutzerkl\u00e4rung"},"content":{"rendered":"\n<h2 class=\"wp-block-heading\"><\/h2>\n\n\n\n<p><strong>sowie Informationen zu ggf. von Ihnen erteilten Einwilligungen<\/strong><\/p>\n\n\n\n<p>Als Verantwortlicher im Sinne der datenschutzrechtlichen Bestimmungen informieren wir Sie nachfolgend \u00fcber die Verarbeitung Ihrer personenbezogenen Daten durch uns.<\/p>\n\n\n\n<p><a><\/a> <strong>I. Der Begriff der personenbezogenen Daten und andere wichtige Begriffe<\/strong><\/p>\n\n\n\n<p><a><\/a> Personenbezogene Daten sind vereinfacht gesagt alle Informationen, die sich auf Sie pers\u00f6nlich als betroffene Person beziehen. Bestimmungen dar\u00fcber, was der Begriff \u201epersonenbezogene Daten\u201c bedeutet und was andere f\u00fcr die nachfolgenden datenschutzrechtlichen Informationen wichtige Begriffe bedeuten, finden Sie in Art. 4 der DS-GVO (Datenschutz-Grundverordnung).<\/p>\n\n\n\n<p><strong>II. Name und Kontaktdaten des Verantwortlichen; Kontaktdaten des Datenschutzbeauftragten<\/strong><\/p>\n\n\n\n<p><a><\/a> Verantwortlicher ist vereinfacht gesagt derjenige, der allein oder gemeinsam mit anderen \u00fcber die Zwecke und Mittel der Verarbeitung von personenbezogenen Daten entscheidet. Den Namen und die Kontaktdaten des Verantwortlichen (und soweit ein Datenschutzbeauftragter bestellt wurde, die Kontaktdaten des Datenschutzbeauftragten) k\u00f6nnen Sie unserer Anbieterkennzeichnung \/ unserem Impressum entnehmen.<\/p>\n\n\n\n<p><strong>III. Zwecke der Verarbeitung Ihrer personenbezogenen Daten; Rechtsgrundlagen f\u00fcr die Verarbeitung<\/strong><\/p>\n\n\n\n<p>Wir verarbeiten Ihre personenbezogenen Daten im Rahmen unserer T\u00e4tigkeit zu den nachfolgend aufgef\u00fchrten Zwecken gem\u00e4\u00df den jeweils genannten Rechtsgrundlagen.<\/p>\n\n\n\n<p><a><\/a><a><\/a><a><\/a><a><\/a><a><\/a><a><\/a> <strong>1. <\/strong>Zur Wahrung unseres berechtigten Interesses an der Aufrechterhaltung des ordnungsgem\u00e4\u00dfen Betriebs unseres Internetauftritts, an der Zurverf\u00fcgungstellung m\u00f6glichst benutzerfreundlicher Funktionen und an der der Analyse der Benutzung unseres Internetauftritts erfolgt die Verarbeitung Ihrer personenbezogenen Daten auf der Grundlage von Artikel 6 Abs. 1 Buchstabe f) DS-GVO.<\/p>\n\n\n\n<p><a><\/a> <strong>2. <\/strong>Zur Durchf\u00fchrung vorvertraglicher Ma\u00dfnahmen, die aufgrund einer Anfrage von Ihnen erfolgen, erfolgt die Verarbeitung Ihrer personenbezogenen Daten auf der Grundlage von Artikel 6 Abs. 1 Buchstabe b) DS-GVO.<\/p>\n\n\n\n<p><a><\/a> <strong>3.<\/strong> Zur Wahrung unseres berechtigten Interesses an der Beantwortung von Anfragen und an der Durchf\u00fchrung sonstiger Ma\u00dfnahmen, die aufgrund einer Anfrage von Ihnen erfolgen, erfolgt die Verarbeitung Ihrer personenbezogenen Daten auf der Grundlage von Artikel 6 Abs. 1 Buchstabe f) DS-GVO.<\/p>\n\n\n\n<p><a><\/a><a><\/a> <strong>4. <\/strong>F\u00fcr die Erf\u00fcllung eines Vertrages, dessen Vertragspartei Sie sind, erfolgt die Verarbeitung Ihrer personenbezogenen Daten auf der Grundlage von Artikel 6 Abs. 1 Buchstabe b) DS-GVO.<\/p>\n\n\n\n<p><strong>5. <\/strong>F\u00fcr die Durchf\u00fchrung von Ma\u00dfnahmen zum Zwecke der Werbung erfolgt die Verarbeitung Ihrer personenbezogenen Daten entweder auf der Grundlage der von Ihnen erteilten Einwilligung gem\u00e4\u00df Artikel 6 Abs. 1 Buchstabe a) DS-GVO oder auf der Grundlage von Artikel 6 Abs. 1 Buchstabe f) DS-GVO.<\/p>\n\n\n\n<p><a><\/a> <strong>6.<\/strong> Zur Erf\u00fcllung rechtlicher Verpflichtungen, denen wir unterliegen, erfolgt die Verarbeitung Ihrer personenbezogenen Daten auf der Grundlage von Artikel 6 Abs. 1 Buchstabe c) DS-GVO.<\/p>\n\n\n\n<p><a><\/a><a><\/a><a><\/a> <strong>7.<\/strong> Zur Wahrung unseres berechtigten Interesses an der Durchsetzung unserer Rechte und an der Abwehr gegen uns gerichteter Anspr\u00fcche erfolgt die Verarbeitung Ihrer personenbezogenen Daten auf der Grundlage von Artikel 6 Abs. 1 Buchstabe f) DS-GVO.<\/p>\n\n\n\n<p>Unsere Systeme sind entsprechend dem Stand der Technik durch technische und organisatorische Ma\u00dfnahmen gesichert, um Ihre personenbezogenen Daten vor Zugriff, Ver\u00e4nderung oder Verbreitung durch unbefugte Personen sowie vor Verlust und Zerst\u00f6rung zu sch\u00fctzen.<\/p>\n\n\n\n<p><a><\/a><a><\/a> Informationen zur Verarbeitung Ihrer personenbezogenen Daten zu den einzelnen Verarbeitungszwecken k\u00f6nnen Sie den entsprechenden weiterf\u00fchrenden Hinweisen im Rahmen dieser Datenschutzerkl\u00e4rung entnehmen.<\/p>\n\n\n\n<p><a><\/a> <strong>IV. \u00dcbermittlung Ihrer personenbezogenen Daten an Dritte; Kategorien von Empf\u00e4ngern Ihrer personenbezogenen Daten<\/strong><\/p>\n\n\n\n<p><a><\/a> Soweit dies zur Erreichung der Zwecke der Verarbeitung Ihrer personenbezogenen Daten erforderlich ist, \u00fcbermitteln wir Ihre personenbezogenen Daten im Rahmen der gesetzlichen Vorgaben an Dritte. Detaillierte Informationen zur \u00dcbermittlung Ihrer personenbezogenen Daten an Dritte zu den einzelnen Verarbeitungszwecken k\u00f6nnen Sie den entsprechenden weiterf\u00fchrenden Hinweisen im Rahmen dieser Datenschutzerkl\u00e4rung entnehmen. In den F\u00e4llen der \u00dcbermittlung Ihrer personenbezogenen Daten an Dritte beschr\u00e4nkt sich der Umfang der \u00fcbermittelten Daten auf das erforderliche Minimum.<\/p>\n\n\n\n<p><a><\/a> <strong>V. Umfang der Verarbeitung Ihrer personenbezogenen Daten zu den einzelnen Verarbeitungszwecken<\/strong><\/p>\n\n\n\n<p><a><\/a> Nachfolgend informieren wir Sie im Einzelnen \u00fcber die Verarbeitung Ihrer personenbezogenen Daten zu den verschiedenen Verarbeitungszwecken.<\/p>\n\n\n\n<p><a><\/a> Ihre personenbezogenen Daten werden gel\u00f6scht, wenn sie f\u00fcr die Verarbeitung zu dem jeweiligen Verarbeitungszweck nicht mehr ben\u00f6tigt werden, es sei denn, wir d\u00fcrfen die Daten zu einem anderen Verarbeitungszweck im Rahmen der gesetzlichen Vorgaben und entsprechend den Informationen dieser Datenschutzerkl\u00e4rung weiterhin verarbeiten.<\/p>\n\n\n\n<p><strong>1. Nutzung unseres Internetauftritts zu Informationszwecken<\/strong><\/p>\n\n\n\n<p>Sofern Sie unseren Internetauftritt besuchen, ohne uns Informationen zu \u00fcbermitteln, verarbeiten wir nur die personenbezogenen Daten von Ihnen, die Ihr Browser an unseren Server \u00fcbermittelt. Hierbei handelt es sich um die folgenden Daten, die technisch erforderlich sind, um Ihnen unseren Internetauftritt anzuzeigen und die Stabilit\u00e4t und Sicherheit zu gew\u00e4hrleisten:<\/p>\n\n\n\n<ul class=\"wp-block-list\">\n<li>die von Ihnen aufgerufene Seite<\/li>\n\n\n\n<li>Datum und Uhrzeit der Anfrage<\/li>\n\n\n\n<li>\u00fcbertragene Datenmenge<\/li>\n\n\n\n<li>Quelle bzw. Verweis, von wo Sie auf die Seite gelangt sind<\/li>\n\n\n\n<li>von Ihnen verwendeter Browser<\/li>\n\n\n\n<li>von Ihnen verwendetes Betriebssystem<\/li>\n\n\n\n<li>Ihre IP-Adresse<\/li>\n<\/ul>\n\n\n\n<p><a><\/a> Die Verarbeitung Ihrer personenbezogenen Daten erfolgt auf der Grundlage von Artikel 6 Abs. 1 Buchstabe f) DS-GVO zur Wahrung unseres berechtigten Interesses an der Aufrechterhaltung des ordnungsgem\u00e4\u00dfen Betriebs unseres Internetauftritts, an der Zurverf\u00fcgungstellung m\u00f6glichst benutzerfreundlicher Funktionen und an der der Analyse der Benutzung unseres Internetauftritts.<\/p>\n\n\n\n<p>Ihre personenbezogenen Daten werden nach 6 Monaten gel\u00f6scht, es sei denn, sie werden f\u00fcr die Geltendmachung von Rechten oder die Durchsetzung von Anspr\u00fcchen aufgrund von Ma\u00dfnahmen gegen den ordnungsgem\u00e4\u00dfen Betrieb unseres Internetauftritts weiter ben\u00f6tigt. In diesem Fall erfolgt die L\u00f6schung unverz\u00fcglich nach Abschluss des entsprechenden Verfahrens.<\/p>\n\n\n\n<p>Sie sind nicht dazu verpflichtet, Ihre personenbezogenen Daten bereitzustellen. Die Nichtbereitstellung Ihrer personenbezogenen Daten h\u00e4tte jedoch zur Folge, dass Sie sich unseren Internetauftritt nicht anzeigen lassen k\u00f6nnen.<\/p>\n\n\n\n<p><strong>2. Bearbeitung von Anfragen<\/strong><\/p>\n\n\n\n<p><a><\/a> Sofern Sie sich mit einer Anfrage oder einem Anliegen an uns wenden, verarbeiten wir die von Ihnen \u00fcbermittelten personenbezogenen Daten und Informationen\/Unterlagen. Unabh\u00e4ngig davon, auf welchem Weg Sie uns Ihre Anfrage oder Ihr Anliegen \u00fcbermitteln, sind dies gegebenenfalls:<\/p>\n\n\n\n<ul class=\"wp-block-list\">\n<li>Datum und Uhrzeit der Kontaktaufnahme<\/li>\n\n\n\n<li>Namensdaten<\/li>\n\n\n\n<li>Kontaktdaten<\/li>\n\n\n\n<li>Daten zu Anfrage\/Anliegen<\/li>\n\n\n\n<li>\u00fcbermittelte Informationen\/Unterlagen<\/li>\n<\/ul>\n\n\n\n<p><a><\/a><a><\/a><a><\/a> Die Verarbeitung Ihrer personenbezogenen Daten und der \u00fcbermittelten Informationen\/Unterlagen erfolgt \u2013 je nach Inhalt Ihrer Anfrage oder Ihres Anliegens \u2013 auf der Grundlage von Artikel 6 Abs. 1 Buchstabe b) DS-GVO zur Durchf\u00fchrung vorvertraglicher Ma\u00dfnahmen oder auf der Grundlage von Artikel 6 Abs. 1 Buchstabe b) DS-GVO f\u00fcr die Erf\u00fcllung eines Vertrages, dessen Vertragspartei Sie sind oder auf der Grundlage von Artikel 6 Abs. 1 Buchstabe f) DS-GVO zur Wahrung unseres berechtigten Interesses an der Beantwortung von Anfragen\/Anliegen und an der Durchf\u00fchrung sonstiger Ma\u00dfnahmen im Zusammenhang mit der Bearbeitung von Anfragen\/Anliegen.<\/p>\n\n\n\n<p><a><\/a> Soweit dies f\u00fcr die Bearbeitung Ihrer Anfrage\/Ihres Anliegens erforderlich ist, \u00fcbermitteln wir Ihre personenbezogenen Daten im Rahmen der gesetzlichen Vorgaben an Dritte. In den F\u00e4llen der \u00dcbermittlung Ihrer personenbezogenen Daten an Dritte beschr\u00e4nkt sich der Umfang der \u00fcbermittelten Daten auf das erforderliche Minimum.<\/p>\n\n\n\n<p>Ihre personenbezogenen Daten werden gel\u00f6scht, wenn Ihre Anfrage\/Ihr Anliegen gekl\u00e4rt ist, fr\u00fchestens jedoch nach Ablauf der steuer- und handelsrechtlichen Aufbewahrungsfristen von 6 bzw. 10 Jahren, es sei denn, wir d\u00fcrfen die Daten zu einem anderen Verarbeitungszweck im Rahmen der gesetzlichen Vorgaben und entsprechend den Informationen dieser Datenschutzerkl\u00e4rung weiterhin verarbeiten.<\/p>\n\n\n\n<p><a><\/a> Sie sind nicht dazu verpflichtet, Ihre personenbezogenen Daten bereitzustellen. Die Nichtbereitstellung Ihrer personenbezogenen Daten h\u00e4tte jedoch zur Folge, dass wir Ihre Anfrage oder Ihr Anliegen nicht bearbeiten k\u00f6nnen.<\/p>\n\n\n\n<p><a><\/a> <strong>3. Erf\u00fcllung von Vertr\u00e4gen<\/strong><\/p>\n\n\n\n<p><a><\/a><a><\/a> Sofern Sie uns zum Zwecke des Abschlusses eines Vertrages oder im Zusammenhang mit einem Vertrag personenbezogene Daten \u00fcbermitteln, verarbeiten wir die von Ihnen \u00fcbermittelten Daten f\u00fcr die Abwicklung des Vertrags. Dies sind Ihre Kundendaten (z.B. Ihr Name und Ihre Adresse) und die Vertragsdaten (z.B. Angaben zu den vertragsgegenst\u00e4ndlichen Produkten sowie Zahlungs- und Lieferinformationen).<\/p>\n\n\n\n<p><a><\/a><a><\/a> Die Verarbeitung Ihrer personenbezogenen Daten erfolgt auf der Grundlage von Artikel 6 Abs. 1 Buchstabe b) DS-GVO f\u00fcr die Erf\u00fcllung eines Vertrages, dessen Vertragspartei Sie sind.<\/p>\n\n\n\n<p>Soweit dies f\u00fcr die Erf\u00fcllung des Vertrages mit Ihnen erforderlich ist, \u00fcbermitteln wir Ihre personenbezogenen Daten im Rahmen der gesetzlichen Vorgaben an Dritte. Diese \u00dcbermittlung erfolgt an die im Rahmen der Vertragsabwicklung beteiligten Dienstleister. Dies sind die Anbieter der von uns genutzten Abwicklungstools, die mit dem Transport beauftragten Unternehmen und die mit den Zahlungsangelegenheiten beauftragten Zahlungsdienstleister.<\/p>\n\n\n\n<p>Soweit Sie f\u00fcr die Abwicklung von Zahlungsvorg\u00e4ngen den Zahlungsdienstleister PayPal nutzen, weisen wir ausdr\u00fccklich darauf hin, dass f\u00fcr alle PayPal-Transaktionen die PayPal-Datenschutzerkl\u00e4rung gilt: <a href=\"https:\/\/www.paypal.com\/de\/webapps\/mpp\/ua\/privacy-full?locale.x=de_DE\">https:\/\/www.paypal.com\/de\/webapps\/mpp\/ua\/privacy-full?locale.x=de_DE<\/a><\/p>\n\n\n\n<p>In den F\u00e4llen der \u00dcbermittlung Ihrer personenbezogenen Daten an Dritte beschr\u00e4nkt sich der Umfang der \u00fcbermittelten Daten auf das erforderliche Minimum.<\/p>\n\n\n\n<p><a><\/a> Ihre personenbezogenen Daten werden nach Ablauf der steuer- und handelsrechtlichen Aufbewahrungsfristen von 6 bzw. 10 Jahren gel\u00f6scht, es sei denn, wir d\u00fcrfen die Daten zu einem anderen Verarbeitungszweck im Rahmen der gesetzlichen Vorgaben und entsprechend den Informationen dieser Datenschutzerkl\u00e4rung weiterhin verarbeiten.<\/p>\n\n\n\n<p><a><\/a> F\u00fcr den Abschluss eines Vertrags mit uns ist die Bereitstellung Ihrer personenbezogenen Daten erforderlich. Sie sind nicht dazu verpflichtet, Ihre personenbezogenen Daten bereitzustellen. Die Nichtbereitstellung Ihrer personenbezogenen Daten h\u00e4tte jedoch zur Folge, dass wir keinen Vertrag mit Ihnen abschlie\u00dfen k\u00f6nnen.<\/p>\n\n\n\n<p><\/p>\n\n\n\n<p><strong>4. Erf\u00fcllung rechtlicher Verpflichtungen, denen wir unterliegen<\/strong><\/p>\n\n\n\n<p><a><\/a><a><\/a> Im Rahmen der entsprechenden Vorgaben verarbeiten wir Ihre personenbezogenen Daten zur Erf\u00fcllung rechtlicher Verpflichtungen, denen wir unterliegen.<\/p>\n\n\n\n<p><a><\/a> Zur Erf\u00fcllung rechtlicher Verpflichtungen, denen wir unterliegen, erfolgt die Verarbeitung Ihrer personenbezogenen Daten auf der Grundlage von Artikel 6 Abs. 1 Buchstabe c) DS-GVO.<\/p>\n\n\n\n<p>Soweit dies zur Erf\u00fcllung rechtlicher Verpflichtungen, denen wir unterliegen, erforderlich ist, \u00fcbermitteln wir Ihre personenbezogenen Daten im Rahmen der gesetzlichen Vorgaben an Dritte. In den F\u00e4llen der \u00dcbermittlung Ihrer personenbezogenen Daten an Dritte beschr\u00e4nkt sich der Umfang der \u00fcbermittelten Daten auf das erforderliche Minimum.<\/p>\n\n\n\n<p>Ihre personenbezogenen Daten werden gel\u00f6scht, wenn sie zur Erf\u00fcllung rechtlicher Verpflichtungen, denen wir unterliegen, nicht mehr ben\u00f6tigt werden, es sei denn, wir d\u00fcrfen die Daten zu einem anderen Verarbeitungszweck im Rahmen der gesetzlichen Vorgaben und entsprechend den Informationen dieser Datenschutzerkl\u00e4rung weiterhin verarbeiten.<\/p>\n\n\n\n<p> <strong>5. Nutzung von Cookies<\/strong><\/p>\n\n\n\n<p>Wir nutzen in unserem Internetauftritt sogenannte Cookies. Dies sind kleine Dateien, die auf Ihrem Ger\u00e4t gespeichert werden und durch die bestimmte Informationen an uns \u00fcbertragen werden. Der Einsatz von Cookies dient dazu, um Ihnen die Nutzung bestimmter Funktionen zu erm\u00f6glichen und unser Angebot insgesamt nutzerfreundlicher zu gestalten.<\/p>\n\n\n\n<p>Einige der von uns verwendeten Cookies werden nach dem Ende der Browser-Sitzung, also nach Schlie\u00dfen Ihres Browsers, wieder gel\u00f6scht (sogenannte Sitzungs- oder Session-Cookies). Andere Cookies verbleiben auch nach dem Ende der Browser-Sitzung, also nach Schlie\u00dfen Ihres Browsers, auf Ihrem Ger\u00e4t und erm\u00f6glichen uns oder unseren Partnerunternehmen (Cookies von Drittanbietern), Sie bei Ihrem n\u00e4chsten Besuch auf unserem Internetauftritt wiederzuerkennen (sogenannte Persistent Cookies).<\/p>\n\n\n\n<p>Einige der von uns verwendeten Cookies sind technisch erforderlich, um Ihnen die Nutzung bestimmter Funktionen zu erm\u00f6glichen. Dies ist beispielsweise im Hinblick auf die Speicherung von Eingaben im Zusammenhang mit der Nutzung der Warenkorb-Funktion der Fall. Die Verarbeitung Ihrer personenbezogenen Daten erfolgt insoweit auf der Grundlage von Artikel 6 Abs. 1 Buchstabe b) DS-GVO zur Durchf\u00fchrung vorvertraglicher Ma\u00dfnahmen, die auf Ihre Anfrage als betroffene Person erfolgen oder auf der Grundlage von Artikel 6 Abs. 1 Buchstabe b) DS-GVO f\u00fcr die Erf\u00fcllung eines Vertrages, dessen Vertragspartei Sie sind oder auf der Grundlage von Artikel 6 Abs. 1 Buchstabe f) DS-GVO zur Wahrung unseres berechtigten Interesses an der Zurverf\u00fcgungstellung m\u00f6glichst benutzerfreundlicher Funktionen. Soweit wir oder unsere Partnerunternehmen Cookies f\u00fcr Zwecke der Reichweitenmessung oder f\u00fcr Marketingszwecke nutzen, k\u00f6nnen Sie detaillierte Informationen hierzu gegebenenfalls den entsprechenden weiterf\u00fchrenden Hinweisen im Rahmen dieser Datenschutzerkl\u00e4rung entnehmen.<\/p>\n\n\n\n<p>Sie k\u00f6nnen die Speicherung der Cookies durch eine entsprechende Einstellung Ihrer Browser-Software verhindern. Gespeicherte Cookies k\u00f6nnen Sie \u00fcber die entsprechenden Einstellungen l\u00f6schen. Bitte sehen Sie hierzu gegebenenfalls in der Programmhilfe zu dem von Ihnen genutzten Browser nach, auf welche Weise die entsprechende Einstellungen erfolgen k\u00f6nnen. Wir weisen Sie jedoch darauf hin, dass Sie in diesem Fall gegebenenfalls nicht s\u00e4mtliche Funktionen unseres Internetauftritts vollumf\u00e4nglich werden nutzen k\u00f6nnen. Beispielhaft verweisen wir auf die Informationen zu den folgenden g\u00e4ngigen Browsern:<\/p>\n\n\n\n<p>Chrome: <a href=\"https:\/\/support.google.com\/chrome\/answer\/95647?hl=de&amp;hlrm=en\">https:\/\/support.google.com\/chrome\/answer\/95647?hl=de&amp;hlrm=en<\/a><\/p>\n\n\n\n<p>Firefox: <a href=\"https:\/\/support.mozilla.org\/de\/kb\/cookies-erlauben-und-ablehnen\">https:\/\/support.mozilla.org\/de\/kb\/cookies-erlauben-und-ablehnen<\/a><\/p>\n\n\n\n<p>Opera: <a href=\"https:\/\/help.opera.com\/de\/latest\/web-preferences\/#cookies\">https:\/\/help.opera.com\/de\/latest\/web-preferences\/#cookies<\/a><\/p>\n\n\n\n<p>Internet Explorer: <a href=\"https:\/\/support.microsoft.com\/de-de\/help\/17442\/windows-internet-explorer-delete-manage-cookies\">https:\/\/support.microsoft.com\/de-de\/help\/17442\/windows-internet-explorer-delete-manage-cookies<\/a><\/p>\n\n\n\n<p>Safari: <a href=\"https:\/\/support.apple.com\/de-de\/guide\/safari\/sfri11471\/mac\">https:\/\/support.apple.com\/de-de\/guide\/safari\/sfri11471\/mac<\/a><\/p>\n\n\n\n<p>Einen generellen Widerspruch gegen die Nutzung von Cookies zu Marketingzwecken k\u00f6nnen Sie bei einer Vielzahl der Dienste, vor allem im Fall des Trackings, \u00fcber die US-amerikanische Seite <a href=\"http:\/\/www.aboutads.info\/choices\/\">http:\/\/www.aboutads.info\/choices\/<\/a> oder die EU-Seite <a href=\"http:\/\/www.youronlinechoices.com\/\">http:\/\/www.youronlinechoices.com<\/a> erkl\u00e4ren.&nbsp;<\/p>\n\n\n\n<p> <strong>6. Durchsetzung unserer Rechte und Abwehr gegen uns gerichteter Anspr\u00fcche<\/strong><\/p>\n\n\n\n<p>Gegebenenfalls verarbeiten wir Ihre personenbezogenen Daten zur Wahrung unseres berechtigten Interesses an der Durchsetzung unserer Rechte und an der Abwehr gegen uns gerichteter Anspr\u00fcche.<\/p>\n\n\n\n<p>In diesem Fall erfolgt die Verarbeitung Ihrer personenbezogenen Daten auf der Grundlage von Artikel 6 Abs. 1 Buchstabe f) DS-GVO.<\/p>\n\n\n\n<p>Soweit dies zur Wahrung unseres berechtigten Interesses erforderlich ist, \u00fcbermitteln wir Ihre personenbezogenen Daten im Rahmen der gesetzlichen Vorgaben an Dritte. Diese \u00dcbermittlung erfolgt an die beteiligten Anbieter von Inkasso-Dienstleistungen oder unsere Rechtsanw\u00e4lte.<\/p>\n\n\n\n<p>In den F\u00e4llen der \u00dcbermittlung Ihrer personenbezogenen Daten an Dritte beschr\u00e4nkt sich der Umfang der \u00fcbermittelten Daten auf das erforderliche Minimum.<\/p>\n\n\n\n<p>Ihre personenbezogenen Daten werden nach Abschluss des Verfahrens, fr\u00fchestens jedoch nach Ablauf der steuer- und handelsrechtlichen Aufbewahrungsfristen von 6 bzw. 10 Jahren gel\u00f6scht, es sei denn, wir d\u00fcrfen die Daten zu einem anderen Verarbeitungszweck im Rahmen der gesetzlichen Vorgaben und entsprechend den Informationen dieser Datenschutzerkl\u00e4rung weiterhin verarbeiten.<\/p>\n\n\n\n<p><a><\/a> <strong>VI. Dauer, f\u00fcr die Ihre personenbezogenen Daten gespeichert werden bzw. Kriterien f\u00fcr die Festlegung dieser Dauer<\/strong><\/p>\n\n\n\n<p>Ihre personenbezogenen Daten werden gel\u00f6scht, wenn sie f\u00fcr die Verarbeitung zu dem jeweiligen Verarbeitungszweck nicht mehr ben\u00f6tigt werden, es sei denn, wir d\u00fcrfen die Daten zu einem anderen Verarbeitungszweck im Rahmen der gesetzlichen Vorgaben und entsprechend den Informationen dieser Datenschutzerkl\u00e4rung weiterhin verarbeiten. Informationen zur Dauer, f\u00fcr die Ihre personenbezogenen Daten gespeichert werden bzw. zu den Kriterien f\u00fcr die Festlegung dieser Dauer k\u00f6nnen Sie den Informationen zur Verarbeitung Ihrer personenbezogenen Daten zu den einzelnen Verarbeitungszwecken in dieser Datenschutzerkl\u00e4rung entnehmen.<\/p>\n\n\n\n<p><a><\/a> <strong>VII. Ihre Rechte<\/strong><\/p>\n\n\n\n<p><strong>1. \u00dcberblick<\/strong><\/p>\n\n\n\n<p>Um eine faire und transparente Verarbeitung personenbezogener Daten zu gew\u00e4hrleisten, stehen Ihnen als betroffener Personen nach den datenschutzrechtlichen Vorgaben die nachfolgenden Rechte zu:<\/p>\n\n\n\n<p>das Recht auf Auskunftserteilung nach Artikel 15 DS-GVO,<\/p>\n\n\n\n<p>das Recht auf Berichtigung nach Artikel 16 DS-GVO,<\/p>\n\n\n\n<p>das Recht auf L\u00f6schung nach Artikel 17 DS-GVO,<\/p>\n\n\n\n<p>das Recht auf Einschr\u00e4nkung der Verarbeitung nach Artikel 18 DS-GVO,<\/p>\n\n\n\n<p>das Recht auf Daten\u00fcbertragbarkeit nach Artikel 20 DS-GVO<\/p>\n\n\n\n<p>das Recht, eine erteilte Einwilligung jederzeit zu widerrufen nach Art. 7 Abs. 3 DS-GVO,<\/p>\n\n\n\n<p>das Recht auf Widerspruch gegen die Verarbeitung nach Artikel 21 DS-GVO, \u00fcber das wir Sie nachfolgend gesondert informieren<\/p>\n\n\n\n<p>und das Recht auf Beschwerde bei der Aufsichtsbeh\u00f6rde nach Art. 77 DS-GVO, \u00fcber das wir Sie nachfolgend gesondert informieren.<\/p>\n\n\n\n<p><strong>2. Ihr Recht auf Widerspruch gegen die Verarbeitung<\/strong><\/p>\n\n\n\n<p><a><\/a> Die Verarbeitung personenbezogener Daten ist zul\u00e4ssig, wenn die Verarbeitung zur Wahrung der berechtigten Interessen des Verantwortlichen oder eines Dritten erforderlich ist, sofern nicht die Interessen oder Grundrechte und Grundfreiheiten der betroffenen Person, die den Schutz personenbezogener Daten erfordern, \u00fcberwiegen, insbesondere dann, wenn es sich bei der betroffenen Person um ein Kind handelt, Art. 6 Abs. 1 Buchstabe f) DS-GVO.<\/p>\n\n\n\n<p>Sie als betroffene Person haben das Recht, aus Gr\u00fcnden, die sich aus ihrer besonderen Situation ergeben, jederzeit gegen die Verarbeitung sie betreffender personenbezogener Daten, die aufgrund von Art. 6 Abs. 1 Buchstabe f) DS-GVO erfolgt, Widerspruch einzulegen; dies gilt auch f\u00fcr ein auf diese Bestimmungen gest\u00fctztes Profiling.<\/p>\n\n\n\n<p>Wenn Sie von Ihrem Widerspruchsrecht Gebrauch machen, verarbeiten wir Ihre personenbezogenen Daten nicht mehr, es sei denn, wir k\u00f6nnen zwingende schutzw\u00fcrdige Gr\u00fcnde f\u00fcr die Verarbeitung nachweisen, die ihre Interessen, Rechte und Freiheiten als betroffene Person \u00fcberwiegen, oder die Verarbeitung dient der Geltendmachung, Aus\u00fcbung oder Verteidigung von Rechtsanspr\u00fcchen.<\/p>\n\n\n\n<p>Wenn wir Ihre personenbezogenen Daten verarbeiten, um Direktwerbung zu betreiben, so haben Sie als betroffene Person das Recht, jederzeit Widerspruch gegen die Verarbeitung sie betreffender personenbezogener Daten zum Zwecke derartiger Werbung einzulegen; dies gilt auch f\u00fcr das Profiling, soweit es mit solcher Direktwerbung in Verbindung steht. Widersprechen sie als betroffene Person der Verarbeitung f\u00fcr Zwecke der Direktwerbung, so werden Ihre personenbezogenen Daten nicht mehr f\u00fcr diese Zwecke verarbeitet.<\/p>\n\n\n\n<p><strong>3. Ihr Beschwerderecht bei der Aufsichtsbeh\u00f6rde<\/strong><\/p>\n\n\n\n<p>Als betroffene Person haben Sie unbeschadet eines anderweitigen verwaltungsrechtlichen oder gerichtlichen Rechtsbehelfs das Recht auf Beschwerde bei einer Aufsichtsbeh\u00f6rde, insbesondere in dem Mitgliedsstaat Ihres Aufenthaltsortes, Ihres Arbeitsplatzes oder des Ortes des mutma\u00dflichen Versto\u00dfes, wenn Sie der Ansicht sind, dass die Verarbeitung der Sie betreffenden personenbezogenen Daten gegen die Vorgaben der DS-GVO verst\u00f6\u00dft.<\/p>\n\n\n\n<p><strong>VIII. Informationen zur Grundlage f\u00fcr die Bereitstellung Ihrer personenbezogenen Daten und zu m\u00f6glichen Folgen der Nichtbereitstellung<\/strong><\/p>\n\n\n\n<p><a><\/a> Soweit dies notwendig ist, um eine faire und transparente Verarbeitung zu gew\u00e4hrleisten, finden Sie Informationen zur Grundlage f\u00fcr die Bereitstellung Ihrer personenbezogenen Daten und zu m\u00f6glichen Folgen der Nichtbereitstellung bei den Informationen zur Verarbeitung Ihrer personenbezogenen Daten zu den einzelnen Verarbeitungszwecken.<\/p>\n","protected":false},"excerpt":{"rendered":"<p>sowie Informationen zu ggf. von Ihnen erteilten Einwilligungen Als Verantwortlicher im Sinne der datenschutzrechtlichen Bestimmungen informieren wir Sie nachfolgend \u00fcber die Verarbeitung Ihrer personenbezogenen Daten durch uns. I. Der Begriff der personenbezogenen Daten und andere wichtige Begriffe Personenbezogene Daten sind vereinfacht gesagt alle Informationen, die sich auf Sie pers\u00f6nlich als betroffene Person beziehen. Bestimmungen dar\u00fcber, [&hellip;]<\/p>\n","protected":false},"author":1,"featured_media":0,"parent":0,"menu_order":90,"comment_status":"closed","ping_status":"closed","template":"","meta":{"footnotes":""},"class_list":["post-3","page","type-page","status-publish","hentry"],"_links":{"self":[{"href":"https:\/\/shanti.dumstrey.com\/index.php?rest_route=\/wp\/v2\/pages\/3","targetHints":{"allow":["GET"]}}],"collection":[{"href":"https:\/\/shanti.dumstrey.com\/index.php?rest_route=\/wp\/v2\/pages"}],"about":[{"href":"https:\/\/shanti.dumstrey.com\/index.php?rest_route=\/wp\/v2\/types\/page"}],"author":[{"embeddable":true,"href":"https:\/\/shanti.dumstrey.com\/index.php?rest_route=\/wp\/v2\/users\/1"}],"replies":[{"embeddable":true,"href":"https:\/\/shanti.dumstrey.com\/index.php?rest_route=%2Fwp%2Fv2%2Fcomments&post=3"}],"version-history":[{"count":1,"href":"https:\/\/shanti.dumstrey.com\/index.php?rest_route=\/wp\/v2\/pages\/3\/revisions"}],"predecessor-version":[{"id":32,"href":"https:\/\/shanti.dumstrey.com\/index.php?rest_route=\/wp\/v2\/pages\/3\/revisions\/32"}],"wp:attachment":[{"href":"https:\/\/shanti.dumstrey.com\/index.php?rest_route=%2Fwp%2Fv2%2Fmedia&parent=3"}],"curies":[{"name":"wp","href":"https:\/\/api.w.org\/{rel}","templated":true}]}}